		
	
{"id":3546,"date":"2020-06-12T14:00:18","date_gmt":"2020-06-12T12:00:18","guid":{"rendered":"http:\/\/glocalservice.com\/ok-contatti\/"},"modified":"2020-06-17T14:42:46","modified_gmt":"2020-06-17T12:42:46","slug":"como-contatar","status":"publish","type":"page","link":"https:\/\/glocalservice.com\/pt-br\/como-contatar\/","title":{"rendered":"[ok] contatti"},"content":{"rendered":"<p>[vc_row][vc_column]\n\t\t\t<!-- START [BR]contatti REVOLUTION SLIDER 6.2.2 --><p class=\"rs-p-wp-fix\"><\/p>\n\t\t\t<rs-module-wrap id=\"rev_slider_16_1_wrapper\" data-source=\"gallery\" style=\"background:transparent;padding:0;margin:0px auto;margin-top:0;margin-bottom:0;\">\n\t\t\t\t<rs-module id=\"rev_slider_16_1\" style=\"display:none;\" data-version=\"6.2.2\">\n\t\t\t\t\t<rs-slides>\n\t\t\t\t\t\t<rs-slide data-key=\"rs-31\" data-title=\"Slide\" data-anim=\"ei:d;eo:d;s:600;r:0;t:fade;sl:d;\">\n\t\t\t\t\t\t\t<img src=\"\/\/glocalservice.com\/wp-content\/uploads\/2020\/05\/Brasile-san_paulo.jpg\" title=\"Brasile-san_paulo\" width=\"1800\" height=\"800\" data-parallax=\"15\" class=\"rev-slidebg\" data-no-retina>\n<!--\n\t\t\t\t\t\t\t--><rs-layer\n\t\t\t\t\t\t\t\tid=\"slider-16-slide-31-layer-1\" \n\t\t\t\t\t\t\t\tdata-type=\"text\"\n\t\t\t\t\t\t\t\tdata-rsp_ch=\"on\"\n\t\t\t\t\t\t\t\tdata-xy=\"x:c;xo:3px,0,0,0;yo:260px,462px,557px,394px;\"\n\t\t\t\t\t\t\t\tdata-text=\"s:18,18,18,14;l:50;ls:2px;fw:500;a:inherit;\"\n\t\t\t\t\t\t\t\tdata-frame_0=\"tp:600;c:rgba(229,69,43,0);\"\n\t\t\t\t\t\t\t\tdata-frame_1=\"tp:600;e:power4.inOut;sp:2000;sR:10;\"\n\t\t\t\t\t\t\t\tdata-frame_999=\"o:0;tp:600;st:w;sp:1000;sR:6990;c:transparent;\"\n\t\t\t\t\t\t\t\tstyle=\"z-index:8;font-family:Montserrat;text-transform:uppercase;white-space:nowrap;\"\n\t\t\t\t\t\t\t> \n\t\t\t\t\t\t\t<\/rs-layer><!--\n\n\t\t\t\t\t\t\t--><rs-layer\n\t\t\t\t\t\t\t\tid=\"slider-16-slide-31-layer-3\" \n\t\t\t\t\t\t\t\tdata-type=\"text\"\n\t\t\t\t\t\t\t\tdata-rsp_ch=\"on\"\n\t\t\t\t\t\t\t\tdata-xy=\"x:c;xo:0,0,0,5px;y:m;yo:0,0,17px,8px;\"\n\t\t\t\t\t\t\t\tdata-text=\"s:55,60,50,34;l:64,80,60,40;ls:0px,1px,1px,1px;fw:700;a:center;\"\n\t\t\t\t\t\t\t\tdata-frame_0=\"o:1;tp:600;c:rgba(0,0,0,0);\"\n\t\t\t\t\t\t\t\tdata-frame_0_chars=\"o:0;\"\n\t\t\t\t\t\t\t\tdata-frame_1=\"tp:600;e:power4.inOut;sp:1999;sR:10;\"\n\t\t\t\t\t\t\t\tdata-frame_1_chars=\"d:0.05000000000000000277555756156289135105907917022705078125;\"\n\t\t\t\t\t\t\t\tdata-frame_999=\"o:0;tp:600;st:w;sp:2000;sR:6971;c:transparent;\"\n\t\t\t\t\t\t\t\tstyle=\"z-index:9;font-family:Montserrat;white-space:nowrap;\"\n\t\t\t\t\t\t\t>Contate<br>Glocal Consulting \n\t\t\t\t\t\t\t<\/rs-layer><!--\n-->\t\t\t\t\t\t<\/rs-slide>\n\t\t\t\t\t<\/rs-slides>\n\t\t\t\t\t<rs-progress class=\"rs-bottom\" style=\"visibility: hidden !important;\"><\/rs-progress>\n\t\t\t\t<\/rs-module>\n\t\t\t\t<script type=\"text\/javascript\">\n\t\t\t\t\tsetREVStartSize({c: 'rev_slider_16_1',rl:[1240,1024,778,480],el:[400,768,960,720],gw:[1920,1024,778,480],gh:[400,768,960,720],type:'standard',justify:'',layout:'fullwidth',mh:\"0\"});\n\t\t\t\t\tvar\trevapi16,\n\t\t\t\t\t\ttpj;\n\t\t\t\t\tjQuery(function() {\n\t\t\t\t\t\ttpj = jQuery;\n\t\t\t\t\t\tif(tpj(\"#rev_slider_16_1\").revolution == undefined){\n\t\t\t\t\t\t\trevslider_showDoubleJqueryError(\"#rev_slider_16_1\");\n\t\t\t\t\t\t}else{\n\t\t\t\t\t\t\trevapi16 = tpj(\"#rev_slider_16_1\").show().revolution({\n\t\t\t\t\t\t\t\tjsFileLocation:\"\/\/glocalservice.com\/wp-content\/plugins\/revslider\/public\/assets\/js\/\",\n\t\t\t\t\t\t\t\tsliderLayout:\"fullwidth\",\n\t\t\t\t\t\t\t\tvisibilityLevels:\"1240,1024,778,480\",\n\t\t\t\t\t\t\t\tgridwidth:\"1920,1024,778,480\",\n\t\t\t\t\t\t\t\tgridheight:\"400,768,960,720\",\n\t\t\t\t\t\t\t\tautoHeight:true,\n\t\t\t\t\t\t\t\tspinner:\"spinner0\",\n\t\t\t\t\t\t\t\teditorheight:\"400,768,960,720\",\n\t\t\t\t\t\t\t\tresponsiveLevels:\"1240,1024,778,480\",\n\t\t\t\t\t\t\t\tdisableProgressBar:\"on\",\n\t\t\t\t\t\t\t\tnavigation: {\n\t\t\t\t\t\t\t\t\tmouseScrollNavigation:false,\n\t\t\t\t\t\t\t\t\tonHoverStop:false,\n\t\t\t\t\t\t\t\t\ttouch: {\n\t\t\t\t\t\t\t\t\t\ttouchenabled:true\n\t\t\t\t\t\t\t\t\t}\n\t\t\t\t\t\t\t\t},\n\t\t\t\t\t\t\t\tparallax: {\n\t\t\t\t\t\t\t\t\tlevels:[5,10,15,20,25,30,35,40,45,46,47,48,49,50,51,55],\n\t\t\t\t\t\t\t\t\ttype:\"mouse\"\n\t\t\t\t\t\t\t\t},\n\t\t\t\t\t\t\t\tfallbacks: {\n\t\t\t\t\t\t\t\t\tallowHTML5AutoPlayOnAndroid:true\n\t\t\t\t\t\t\t\t},\n\t\t\t\t\t\t\t});\n\t\t\t\t\t\t}\n\t\t\t\t\t\t\n\t\t\t\t\t});\n\t\t\t\t<\/script>\n\t\t\t<\/rs-module-wrap>\n\t\t\t<!-- END REVOLUTION SLIDER -->\n[\/vc_column][\/vc_row][vc_row container=&#8221;1&#8243; row_inside_container=&#8221;1&#8243; manage_spacing=&#8221;content-inner-2&#8243; el_class=&#8221;daz-contact-form&#8221;][vc_column el_class=&#8221;daz-contact-info&#8221; offset=&#8221;vc_col-md-4&#8243;]<div class=\"section-head text-left\"><H3 class=\"   m-auto   \">Entre em contato<\/H3><p class=\"m-b0 \">Pode nos contatar atrav\u00e9s dos n\u00fameros seguintes, pelo Whatsapp ou por email. <\/p><\/div>[vc_widget_sidebar sidebar_id=&#8221;footer1-sidebar-3&#8243; el_class=&#8221;widget_getintuch&#8221;][\/vc_column][vc_column offset=&#8221;vc_col-md-8&#8243;]<div role=\"form\" class=\"wpcf7\" id=\"wpcf7-f3550-o1\" lang=\"pt-BR\" dir=\"ltr\">\n<div class=\"screen-reader-response\"><p role=\"status\" aria-live=\"polite\" aria-atomic=\"true\"><\/p> <ul><\/ul><\/div>\n<form action=\"\/pt-br\/wp-json\/wp\/v2\/pages\/3546#wpcf7-f3550-o1\" method=\"post\" class=\"wpcf7-form init\" novalidate=\"novalidate\" data-status=\"init\">\n<div style=\"display: none;\">\n<input type=\"hidden\" name=\"_wpcf7\" value=\"3550\" \/>\n<input type=\"hidden\" name=\"_wpcf7_version\" value=\"5.5.3\" \/>\n<input type=\"hidden\" name=\"_wpcf7_locale\" value=\"pt_BR\" \/>\n<input type=\"hidden\" name=\"_wpcf7_unit_tag\" value=\"wpcf7-f3550-o1\" \/>\n<input type=\"hidden\" name=\"_wpcf7_container_post\" value=\"0\" \/>\n<input type=\"hidden\" name=\"_wpcf7_posted_data_hash\" value=\"\" \/>\n<\/div>\n<div class=\"row\">\n<div class=\"col-lg-12\">\n<div class=\"contact-page-6 clearfix form-box1\">\n<div class=\"row\">\n<div class=\"col-lg-4 col-md-4 col-sm-4\">\n<div class=\"form-group\">\n<div class=\"input-group\">\n\t\t\t\t\t\t\t\t<span class=\"wpcf7-form-control-wrap dzName\"><input type=\"text\" name=\"dzName\" value=\"\" size=\"40\" class=\"wpcf7-form-control wpcf7-text wpcf7-validates-as-required form-control\" aria-required=\"true\" aria-invalid=\"false\" placeholder=\"Nome\" \/><\/span>\n\t\t\t\t\t\t\t<\/div>\n<\/div>\n<\/div>\n<div class=\"col-lg-4 col-md-4 col-sm-4\">\n<div class=\"form-group\">\n<div class=\"input-group\">\n\t\t\t\t\t\t\t\t<span class=\"wpcf7-form-control-wrap dzEmail\"><input type=\"email\" name=\"dzEmail\" value=\"\" size=\"40\" class=\"wpcf7-form-control wpcf7-text wpcf7-email wpcf7-validates-as-required wpcf7-validates-as-email form-control\" aria-required=\"true\" aria-invalid=\"false\" placeholder=\"Email\" \/><\/span>\n\t\t\t\t\t\t\t<\/div>\n<\/div>\n<\/div>\n<div class=\"col-lg-4 col-md-4 col-sm-4\">\n<div class=\"form-group\">\n<div class=\"input-group\">\n\t\t\t\t\t\t\t\t<span class=\"wpcf7-form-control-wrap dzPhone\"><input type=\"text\" name=\"dzPhone\" value=\"\" size=\"40\" class=\"wpcf7-form-control wpcf7-text wpcf7-validates-as-required form-control\" aria-required=\"true\" aria-invalid=\"false\" placeholder=\"Telefone\" \/><\/span>\n\t\t\t\t\t\t\t<\/div>\n<\/div>\n<\/div>\n<div class=\"col-lg-12 col-md-12 col-sm-12\">\n<div class=\"form-group\">\n<div class=\"input-group\">\n\t\t\t\t\t\t\t\t<span class=\"wpcf7-form-control-wrap dzMessage\"><textarea name=\"dzMessage\" cols=\"40\" rows=\"10\" class=\"wpcf7-form-control wpcf7-textarea form-control\" aria-invalid=\"false\" placeholder=\"A sua mensagem\"><\/textarea><\/span>\n\t\t\t\t\t\t\t<\/div>\n<\/div>\n<\/div>\n<div class=\"col-lg-12 col-md-12 col-sm-12\">\n<div class=\"form-group\">\n<div class=\"input-group\">\nAceito todos os termos e as condi\u00e7\u00f5es.<br \/>\nMarcando esta caixa de sele\u00e7\u00e3o aceitam-se todos os termos e as condi\u00e7\u00f5es da declara\u00e7\u00e3o de privacidade e tratamento de dados pessoais - LGDP nr. 13.709\/18. Os seus dados ser\u00e3o guardados e utilizados com o \u00fanico objetivo de contato visado \u00e0 negocia\u00e7\u00e3o sobre o produto escolhido e n\u00e3o ser\u00e3o divulgados a terceiros.<br \/>\n\t\t\t\t\t\t\t\t<span class=\"wpcf7-form-control-wrap acceptance-437\"><span class=\"wpcf7-form-control wpcf7-acceptance\"><span class=\"wpcf7-list-item\"><label><input type=\"checkbox\" name=\"acceptance-437\" value=\"1\" aria-invalid=\"false\" \/><span class=\"wpcf7-list-item-label\">Autorizo o tratamento de dados pessoais<\/span><\/label><\/span><\/span><\/span>\n\t\t\t\t\t\t\t<\/div>\n<\/div>\n<\/div>\n<div class=\"col-lg-12 col-md-12 col-sm-12\">\n\t\t\t\t\t\t<input type=\"submit\" value=\"Enviar\" class=\"wpcf7-form-control has-spinner wpcf7-submit site-button button-md\" \/>\n\t\t\t\t\t<\/div>\n<\/div>\n<\/div>\n<\/div>\n<\/div>\n<div class=\"wpcf7-response-output\" aria-hidden=\"true\"><\/div><\/form><\/div>[\/vc_column][\/vc_row][vc_row][vc_column]<div class=\"section-full bg-white\">\n\t\t\t\t<div class=\"row m-lr0\">\n\t\t\t\t\t<div class=\"col-lg-12 col-md-12 p-a0 zesto-google-map\">\n\t\t\t\t\t\t<iframe src=\"https:\/\/www.google.com\/maps\/d\/u\/0\/embed?mid=1nGpgoe6DGG6EDgrew1iDP2N6PMMgk3jk\" allowfullscreen><\/iframe>\n\t\t\t\t\t<\/div>\n\t\t\t\t<\/div>\n\t\t\t<\/div>[\/vc_column][\/vc_row]<\/p>\n","protected":false},"excerpt":{"rendered":"<p>[vc_row][vc_column][\/vc_column][\/vc_row][vc_row container=&#8221;1&#8243; row_inside_container=&#8221;1&#8243; manage_spacing=&#8221;content-inner-2&#8243; el_class=&#8221;daz-contact-form&#8221;][vc_column el_class=&#8221;daz-contact-info&#8221; offset=&#8221;vc_col-md-4&#8243;][vc_widget_sidebar sidebar_id=&#8221;footer1-sidebar-3&#8243; el_class=&#8221;widget_getintuch&#8221;][\/vc_column][vc_column offset=&#8221;vc_col-md-8&#8243;][\/vc_column][\/vc_row][vc_row][vc_column][\/vc_column][\/vc_row]<\/p>\n","protected":false},"author":2,"featured_media":3669,"parent":0,"menu_order":0,"comment_status":"closed","ping_status":"closed","template":"tpl-visual_composer.php","meta":[],"yoast_head":"<!-- This site is optimized with the Yoast SEO plugin v17.7.1 - https:\/\/yoast.com\/wordpress\/plugins\/seo\/ -->\n<title>Glocal Consulting, onde nos encontrar e como contatar o Dr. Ivan Aliberti<\/title>\n<meta name=\"description\" content=\"Os contatos da Glocal Consulting e do Dr. Ivan Aliberti para pedir uma consultoria sobre a internacionaliza\u00e7\u00e3o da sua empresa.\" \/>\n<meta name=\"robots\" content=\"index, follow, max-snippet:-1, max-image-preview:large, max-video-preview:-1\" \/>\n<link rel=\"canonical\" href=\"https:\/\/glocalservice.com\/pt-br\/como-contatar\/\" \/>\n<meta property=\"og:locale\" content=\"pt_BR\" \/>\n<meta property=\"og:type\" content=\"article\" \/>\n<meta property=\"og:title\" content=\"Glocal Consulting, onde nos encontrar e como contatar o Dr. Ivan Aliberti\" \/>\n<meta property=\"og:description\" content=\"Os contatos da Glocal Consulting e do Dr. Ivan Aliberti para pedir uma consultoria sobre a internacionaliza\u00e7\u00e3o da sua empresa.\" \/>\n<meta property=\"og:url\" content=\"https:\/\/glocalservice.com\/pt-br\/como-contatar\/\" \/>\n<meta property=\"og:site_name\" content=\"Glocal\" \/>\n<meta property=\"article:modified_time\" content=\"2020-06-17T12:42:46+00:00\" \/>\n<meta property=\"og:image\" content=\"https:\/\/glocalservice.com\/wp-content\/uploads\/2020\/06\/LOGO-GLOCAL-CONSULTING_BR.png\" \/>\n\t<meta property=\"og:image:width\" content=\"1800\" \/>\n\t<meta property=\"og:image:height\" content=\"950\" \/>\n<meta name=\"twitter:card\" content=\"summary_large_image\" \/>\n<meta name=\"twitter:label1\" content=\"Est. tempo de leitura\" \/>\n\t<meta name=\"twitter:data1\" content=\"1 minuto\" \/>\n<script type=\"application\/ld+json\" class=\"yoast-schema-graph\">{\"@context\":\"https:\/\/schema.org\",\"@graph\":[{\"@type\":\"Organization\",\"@id\":\"https:\/\/glocalservice.com\/#organization\",\"name\":\"Glocal Consulting\",\"url\":\"https:\/\/glocalservice.com\/\",\"sameAs\":[],\"logo\":{\"@type\":\"ImageObject\",\"@id\":\"https:\/\/glocalservice.com\/#logo\",\"inLanguage\":\"pt-BR\",\"url\":\"https:\/\/glocalservice.com\/wp-content\/uploads\/2020\/03\/glocal_logo.jpg\",\"contentUrl\":\"https:\/\/glocalservice.com\/wp-content\/uploads\/2020\/03\/glocal_logo.jpg\",\"width\":1062,\"height\":177,\"caption\":\"Glocal Consulting\"},\"image\":{\"@id\":\"https:\/\/glocalservice.com\/#logo\"}},{\"@type\":\"WebSite\",\"@id\":\"https:\/\/glocalservice.com\/#website\",\"url\":\"https:\/\/glocalservice.com\/\",\"name\":\"Glocal\",\"description\":\"Glocal Consulting di Ivan Aliberti\",\"publisher\":{\"@id\":\"https:\/\/glocalservice.com\/#organization\"},\"potentialAction\":[{\"@type\":\"SearchAction\",\"target\":{\"@type\":\"EntryPoint\",\"urlTemplate\":\"https:\/\/glocalservice.com\/?s={search_term_string}\"},\"query-input\":\"required name=search_term_string\"}],\"inLanguage\":\"pt-BR\"},{\"@type\":\"ImageObject\",\"@id\":\"https:\/\/glocalservice.com\/pt-br\/como-contatar\/#primaryimage\",\"inLanguage\":\"pt-BR\",\"url\":\"https:\/\/glocalservice.com\/wp-content\/uploads\/2020\/06\/LOGO-GLOCAL-CONSULTING_BR.png\",\"contentUrl\":\"https:\/\/glocalservice.com\/wp-content\/uploads\/2020\/06\/LOGO-GLOCAL-CONSULTING_BR.png\",\"width\":1800,\"height\":950},{\"@type\":\"WebPage\",\"@id\":\"https:\/\/glocalservice.com\/pt-br\/como-contatar\/#webpage\",\"url\":\"https:\/\/glocalservice.com\/pt-br\/como-contatar\/\",\"name\":\"Glocal Consulting, onde nos encontrar e como contatar o Dr. Ivan Aliberti\",\"isPartOf\":{\"@id\":\"https:\/\/glocalservice.com\/#website\"},\"primaryImageOfPage\":{\"@id\":\"https:\/\/glocalservice.com\/pt-br\/como-contatar\/#primaryimage\"},\"datePublished\":\"2020-06-12T12:00:18+00:00\",\"dateModified\":\"2020-06-17T12:42:46+00:00\",\"description\":\"Os contatos da Glocal Consulting e do Dr. Ivan Aliberti para pedir uma consultoria sobre a internacionaliza\\u00e7\\u00e3o da sua empresa.\",\"breadcrumb\":{\"@id\":\"https:\/\/glocalservice.com\/pt-br\/como-contatar\/#breadcrumb\"},\"inLanguage\":\"pt-BR\",\"potentialAction\":[{\"@type\":\"ReadAction\",\"target\":[\"https:\/\/glocalservice.com\/pt-br\/como-contatar\/\"]}]},{\"@type\":\"BreadcrumbList\",\"@id\":\"https:\/\/glocalservice.com\/pt-br\/como-contatar\/#breadcrumb\",\"itemListElement\":[{\"@type\":\"ListItem\",\"position\":1,\"name\":\"Home\",\"item\":\"https:\/\/glocalservice.com\/pt-br\/\"},{\"@type\":\"ListItem\",\"position\":2,\"name\":\"[ok] contatti\"}]}]}<\/script>\n<!-- \/ Yoast SEO plugin. -->","yoast_head_json":{"title":"Glocal Consulting, onde nos encontrar e como contatar o Dr. Ivan Aliberti","description":"Os contatos da Glocal Consulting e do Dr. Ivan Aliberti para pedir uma consultoria sobre a internacionaliza\u00e7\u00e3o da sua empresa.","robots":{"index":"index","follow":"follow","max-snippet":"max-snippet:-1","max-image-preview":"max-image-preview:large","max-video-preview":"max-video-preview:-1"},"canonical":"https:\/\/glocalservice.com\/pt-br\/como-contatar\/","og_locale":"pt_BR","og_type":"article","og_title":"Glocal Consulting, onde nos encontrar e como contatar o Dr. Ivan Aliberti","og_description":"Os contatos da Glocal Consulting e do Dr. Ivan Aliberti para pedir uma consultoria sobre a internacionaliza\u00e7\u00e3o da sua empresa.","og_url":"https:\/\/glocalservice.com\/pt-br\/como-contatar\/","og_site_name":"Glocal","article_modified_time":"2020-06-17T12:42:46+00:00","og_image":[{"width":1800,"height":950,"url":"https:\/\/glocalservice.com\/wp-content\/uploads\/2020\/06\/LOGO-GLOCAL-CONSULTING_BR.png","type":"image\/png"}],"twitter_card":"summary_large_image","twitter_misc":{"Est. tempo de leitura":"1 minuto"},"schema":{"@context":"https:\/\/schema.org","@graph":[{"@type":"Organization","@id":"https:\/\/glocalservice.com\/#organization","name":"Glocal Consulting","url":"https:\/\/glocalservice.com\/","sameAs":[],"logo":{"@type":"ImageObject","@id":"https:\/\/glocalservice.com\/#logo","inLanguage":"pt-BR","url":"https:\/\/glocalservice.com\/wp-content\/uploads\/2020\/03\/glocal_logo.jpg","contentUrl":"https:\/\/glocalservice.com\/wp-content\/uploads\/2020\/03\/glocal_logo.jpg","width":1062,"height":177,"caption":"Glocal Consulting"},"image":{"@id":"https:\/\/glocalservice.com\/#logo"}},{"@type":"WebSite","@id":"https:\/\/glocalservice.com\/#website","url":"https:\/\/glocalservice.com\/","name":"Glocal","description":"Glocal Consulting di Ivan Aliberti","publisher":{"@id":"https:\/\/glocalservice.com\/#organization"},"potentialAction":[{"@type":"SearchAction","target":{"@type":"EntryPoint","urlTemplate":"https:\/\/glocalservice.com\/?s={search_term_string}"},"query-input":"required name=search_term_string"}],"inLanguage":"pt-BR"},{"@type":"ImageObject","@id":"https:\/\/glocalservice.com\/pt-br\/como-contatar\/#primaryimage","inLanguage":"pt-BR","url":"https:\/\/glocalservice.com\/wp-content\/uploads\/2020\/06\/LOGO-GLOCAL-CONSULTING_BR.png","contentUrl":"https:\/\/glocalservice.com\/wp-content\/uploads\/2020\/06\/LOGO-GLOCAL-CONSULTING_BR.png","width":1800,"height":950},{"@type":"WebPage","@id":"https:\/\/glocalservice.com\/pt-br\/como-contatar\/#webpage","url":"https:\/\/glocalservice.com\/pt-br\/como-contatar\/","name":"Glocal Consulting, onde nos encontrar e como contatar o Dr. Ivan Aliberti","isPartOf":{"@id":"https:\/\/glocalservice.com\/#website"},"primaryImageOfPage":{"@id":"https:\/\/glocalservice.com\/pt-br\/como-contatar\/#primaryimage"},"datePublished":"2020-06-12T12:00:18+00:00","dateModified":"2020-06-17T12:42:46+00:00","description":"Os contatos da Glocal Consulting e do Dr. Ivan Aliberti para pedir uma consultoria sobre a internacionaliza\u00e7\u00e3o da sua empresa.","breadcrumb":{"@id":"https:\/\/glocalservice.com\/pt-br\/como-contatar\/#breadcrumb"},"inLanguage":"pt-BR","potentialAction":[{"@type":"ReadAction","target":["https:\/\/glocalservice.com\/pt-br\/como-contatar\/"]}]},{"@type":"BreadcrumbList","@id":"https:\/\/glocalservice.com\/pt-br\/como-contatar\/#breadcrumb","itemListElement":[{"@type":"ListItem","position":1,"name":"Home","item":"https:\/\/glocalservice.com\/pt-br\/"},{"@type":"ListItem","position":2,"name":"[ok] contatti"}]}]}},"_links":{"self":[{"href":"https:\/\/glocalservice.com\/pt-br\/wp-json\/wp\/v2\/pages\/3546"}],"collection":[{"href":"https:\/\/glocalservice.com\/pt-br\/wp-json\/wp\/v2\/pages"}],"about":[{"href":"https:\/\/glocalservice.com\/pt-br\/wp-json\/wp\/v2\/types\/page"}],"author":[{"embeddable":true,"href":"https:\/\/glocalservice.com\/pt-br\/wp-json\/wp\/v2\/users\/2"}],"replies":[{"embeddable":true,"href":"https:\/\/glocalservice.com\/pt-br\/wp-json\/wp\/v2\/comments?post=3546"}],"version-history":[{"count":4,"href":"https:\/\/glocalservice.com\/pt-br\/wp-json\/wp\/v2\/pages\/3546\/revisions"}],"predecessor-version":[{"id":3672,"href":"https:\/\/glocalservice.com\/pt-br\/wp-json\/wp\/v2\/pages\/3546\/revisions\/3672"}],"wp:featuredmedia":[{"embeddable":true,"href":"https:\/\/glocalservice.com\/pt-br\/wp-json\/wp\/v2\/media\/3669"}],"wp:attachment":[{"href":"https:\/\/glocalservice.com\/pt-br\/wp-json\/wp\/v2\/media?parent=3546"}],"curies":[{"name":"wp","href":"https:\/\/api.w.org\/{rel}","templated":true}]}}